{"id":2825,"date":"2013-01-20T22:34:26","date_gmt":"2013-01-20T21:34:26","guid":{"rendered":"http:\/\/www.schaering.de\/schaering\/?page_id=2825"},"modified":"2022-04-06T19:38:11","modified_gmt":"2022-04-06T17:38:11","slug":"impressum","status":"publish","type":"page","link":"https:\/\/www.schaering.de\/schaering\/contact-page-2\/impressum\/","title":{"rendered":"Impressum"},"content":{"rendered":"\t\t<div data-elementor-type=\"wp-page\" data-elementor-id=\"2825\" class=\"elementor elementor-2825\">\n\t\t\t\t\t\t<section class=\"elementor-section elementor-top-section elementor-element elementor-element-3e048ac8 elementor-section-boxed elementor-section-height-default elementor-section-height-default\" data-id=\"3e048ac8\" data-element_type=\"section\">\n\t\t\t\t\t\t<div class=\"elementor-container elementor-column-gap-default\">\n\t\t\t\t\t<div class=\"elementor-column elementor-col-100 elementor-top-column elementor-element elementor-element-1b02e9fa\" data-id=\"1b02e9fa\" data-element_type=\"column\">\n\t\t\t<div class=\"elementor-widget-wrap elementor-element-populated\">\n\t\t\t\t\t\t<div class=\"elementor-element elementor-element-66bc97c4 elementor-widget elementor-widget-text-editor\" data-id=\"66bc97c4\" data-element_type=\"widget\" data-widget_type=\"text-editor.default\">\n\t\t\t\t<div class=\"elementor-widget-container\">\n\t\t\t\t\t\t\t\t\t<h1><\/h1>\n<h1><\/h1>\n<h1><\/h1>\n<h1><\/h1>\n<h1>Impressum<\/h1><div><br><\/div>\n<h2><\/h2>\n<h2>Angaben gem\u00e4\u00df \u00a7 5 TMG<\/h2>\n<p>Ulrich Sch\u00e4ring<br>\nPGA Ulrich Sch\u00e4ring<br>\nSchlehenweg 22<br>\n26180 Rastede Hahn<\/p>\n<h2>Kontakt<\/h2>\n<p>Telefon: +49 (0) 160 978 25 777<br>\nE-Mail: golf@schaering.de<\/p>\n<h2>Umsatzsteuer-ID<\/h2>\n<p>Umsatzsteuer-Identifikationsnummer gem\u00e4\u00df \u00a7 27 a Umsatzsteuergesetz:<br>\nDE86301097545<\/p>\n<h2>EU-Streitschlichtung<\/h2>\n<p>Die Europ\u00e4ische Kommission stellt eine Plattform zur Online-Streitbeilegung (OS) bereit: <a href=\"https:\/\/ec.europa.eu\/consumers\/odr\/\" target=\"_blank\" rel=\"noopener noreferrer\">https:\/\/ec.europa.eu\/consumers\/odr\/<\/a>.<br>\nUnsere E-Mail-Adresse finden Sie oben im Impressum.<\/p>\n<h2>Verbraucher\u00adstreit\u00adbeilegung\/Universal\u00adschlichtungs\u00adstelle<\/h2>\n<p>Wir sind nicht bereit oder verpflichtet, an Streitbeilegungsverfahren vor einer Verbraucherschlichtungsstelle teilzunehmen.<\/p>\n<p>Quelle: <a href=\"https:\/\/www.e-recht24.de\/impressum-generator.html\">https:\/\/www.e-recht24.de\/impressum- generator.html<\/a><\/p>\t\t\t\t\t\t\t\t<\/div>\n\t\t\t\t<\/div>\n\t\t\t\t\t<\/div>\n\t\t<\/div>\n\t\t\t\t\t<\/div>\n\t\t<\/section>\n\t\t\t\t<\/div>\n\t\t","protected":false},"excerpt":{"rendered":"<p>Impressum Angaben gem\u00e4\u00df \u00a7 5 TMG Ulrich Sch\u00e4ring PGA Ulrich Sch\u00e4ring Schlehenweg 22 26180 Rastede Hahn Kontakt Telefon: +49 (0) 160 978 25 777 E-Mail: golf@schaering.de Umsatzsteuer-ID Umsatzsteuer-Identifikationsnummer gem\u00e4\u00df \u00a7 27 a Umsatzsteuergesetz: DE86301097545 EU-Streitschlichtung Die Europ\u00e4ische Kommission stellt eine Plattform zur Online-Streitbeilegung (OS) bereit: https:\/\/ec.europa.eu\/consumers\/odr\/. Unsere E-Mail-Adresse finden Sie oben im Impressum. Verbraucher\u00adstreit\u00adbeilegung\/Universal\u00adschlichtungs\u00adstelle Wir [&hellip;]<\/p>\n","protected":false},"author":2,"featured_media":0,"parent":2461,"menu_order":0,"comment_status":"closed","ping_status":"open","template":"elementor_header_footer","meta":{"site-sidebar-layout":"default","site-content-layout":"","ast-site-content-layout":"","site-content-style":"default","site-sidebar-style":"default","ast-global-header-display":"","ast-banner-title-visibility":"","ast-main-header-display":"","ast-hfb-above-header-display":"","ast-hfb-below-header-display":"","ast-hfb-mobile-header-display":"","site-post-title":"","ast-breadcrumbs-content":"","ast-featured-img":"","footer-sml-layout":"","theme-transparent-header-meta":"","adv-header-id-meta":"","stick-header-meta":"","header-above-stick-meta":"","header-main-stick-meta":"","header-below-stick-meta":"","astra-migrate-meta-layouts":"default","ast-page-background-enabled":"default","ast-page-background-meta":{"desktop":{"background-color":"var(--ast-global-color-4)","background-image":"","background-repeat":"repeat","background-position":"center center","background-size":"auto","background-attachment":"scroll","background-type":"","background-media":"","overlay-type":"","overlay-color":"","overlay-opacity":"","overlay-gradient":""},"tablet":{"background-color":"","background-image":"","background-repeat":"repeat","background-position":"center center","background-size":"auto","background-attachment":"scroll","background-type":"","background-media":"","overlay-type":"","overlay-color":"","overlay-opacity":"","overlay-gradient":""},"mobile":{"background-color":"","background-image":"","background-repeat":"repeat","background-position":"center center","background-size":"auto","background-attachment":"scroll","background-type":"","background-media":"","overlay-type":"","overlay-color":"","overlay-opacity":"","overlay-gradient":""}},"ast-content-background-meta":{"desktop":{"background-color":"var(--ast-global-color-5)","background-image":"","background-repeat":"repeat","background-position":"center center","background-size":"auto","background-attachment":"scroll","background-type":"","background-media":"","overlay-type":"","overlay-color":"","overlay-opacity":"","overlay-gradient":""},"tablet":{"background-color":"var(--ast-global-color-5)","background-image":"","background-repeat":"repeat","background-position":"center center","background-size":"auto","background-attachment":"scroll","background-type":"","background-media":"","overlay-type":"","overlay-color":"","overlay-opacity":"","overlay-gradient":""},"mobile":{"background-color":"var(--ast-global-color-5)","background-image":"","background-repeat":"repeat","background-position":"center center","background-size":"auto","background-attachment":"scroll","background-type":"","background-media":"","overlay-type":"","overlay-color":"","overlay-opacity":"","overlay-gradient":""}},"footnotes":""},"class_list":["post-2825","page","type-page","status-publish","hentry"],"yoast_head":"<!-- This site is optimized with the Yoast SEO plugin v24.7 - https:\/\/yoast.com\/wordpress\/plugins\/seo\/ -->\n<title>Impressum - Ulrich Sch\u00e4ring Golfprofessional Ulrich Schaering<\/title>\n<meta name=\"robots\" content=\"index, follow, max-snippet:-1, max-image-preview:large, max-video-preview:-1\" \/>\n<link rel=\"canonical\" href=\"https:\/\/www.schaering.de\/schaering\/contact-page-2\/impressum\/\" \/>\n<meta property=\"og:locale\" content=\"de_DE\" \/>\n<meta property=\"og:type\" content=\"article\" \/>\n<meta property=\"og:title\" content=\"Impressum - Ulrich Sch\u00e4ring Golfprofessional Ulrich Schaering\" \/>\n<meta property=\"og:description\" content=\"Impressum Angaben gem\u00e4\u00df \u00a7 5 TMG Ulrich Sch\u00e4ring PGA Ulrich Sch\u00e4ring Schlehenweg 22 26180 Rastede Hahn Kontakt Telefon: +49 (0) 160 978 25 777 E-Mail: golf@schaering.de Umsatzsteuer-ID Umsatzsteuer-Identifikationsnummer gem\u00e4\u00df \u00a7 27 a Umsatzsteuergesetz: DE86301097545 EU-Streitschlichtung Die Europ\u00e4ische Kommission stellt eine Plattform zur Online-Streitbeilegung (OS) bereit: https:\/\/ec.europa.eu\/consumers\/odr\/. Unsere E-Mail-Adresse finden Sie oben im Impressum. Verbraucher\u00adstreit\u00adbeilegung\/Universal\u00adschlichtungs\u00adstelle Wir [&hellip;]\" \/>\n<meta property=\"og:url\" content=\"https:\/\/www.schaering.de\/schaering\/contact-page-2\/impressum\/\" \/>\n<meta property=\"og:site_name\" content=\"Ulrich Sch\u00e4ring\" \/>\n<meta property=\"article:modified_time\" content=\"2022-04-06T17:38:11+00:00\" \/>\n<script type=\"application\/ld+json\" class=\"yoast-schema-graph\">{\"@context\":\"https:\/\/schema.org\",\"@graph\":[{\"@type\":\"WebPage\",\"@id\":\"https:\/\/www.schaering.de\/schaering\/contact-page-2\/impressum\/\",\"url\":\"https:\/\/www.schaering.de\/schaering\/contact-page-2\/impressum\/\",\"name\":\"Impressum - Ulrich Sch\u00e4ring Golfprofessional Ulrich Schaering\",\"isPartOf\":{\"@id\":\"https:\/\/www.schaering.de\/schaering\/#website\"},\"datePublished\":\"2013-01-20T21:34:26+00:00\",\"dateModified\":\"2022-04-06T17:38:11+00:00\",\"breadcrumb\":{\"@id\":\"https:\/\/www.schaering.de\/schaering\/contact-page-2\/impressum\/#breadcrumb\"},\"inLanguage\":\"de\",\"potentialAction\":[{\"@type\":\"ReadAction\",\"target\":[\"https:\/\/www.schaering.de\/schaering\/contact-page-2\/impressum\/\"]}]},{\"@type\":\"BreadcrumbList\",\"@id\":\"https:\/\/www.schaering.de\/schaering\/contact-page-2\/impressum\/#breadcrumb\",\"itemListElement\":[{\"@type\":\"ListItem\",\"position\":1,\"name\":\"Kontakt\",\"item\":\"https:\/\/www.schaering.de\/schaering\/?page_id=2461\"},{\"@type\":\"ListItem\",\"position\":2,\"name\":\"Impressum\"}]},{\"@type\":\"WebSite\",\"@id\":\"https:\/\/www.schaering.de\/schaering\/#website\",\"url\":\"https:\/\/www.schaering.de\/schaering\/\",\"name\":\"Ulrich Sch\u00e4ring\",\"description\":\"\",\"publisher\":{\"@id\":\"https:\/\/www.schaering.de\/schaering\/#organization\"},\"potentialAction\":[{\"@type\":\"SearchAction\",\"target\":{\"@type\":\"EntryPoint\",\"urlTemplate\":\"https:\/\/www.schaering.de\/schaering\/?s={search_term_string}\"},\"query-input\":{\"@type\":\"PropertyValueSpecification\",\"valueRequired\":true,\"valueName\":\"search_term_string\"}}],\"inLanguage\":\"de\"},{\"@type\":\"Organization\",\"@id\":\"https:\/\/www.schaering.de\/schaering\/#organization\",\"name\":\"Ulrich Sch\u00e4ring\",\"url\":\"https:\/\/www.schaering.de\/schaering\/\",\"logo\":{\"@type\":\"ImageObject\",\"inLanguage\":\"de\",\"@id\":\"https:\/\/www.schaering.de\/schaering\/#\/schema\/logo\/image\/\",\"url\":\"https:\/\/www.schaering.de\/schaering\/wp-content\/uploads\/2013\/01\/cropped-Logo_Schaering_golfer_bo2-1.png\",\"contentUrl\":\"https:\/\/www.schaering.de\/schaering\/wp-content\/uploads\/2013\/01\/cropped-Logo_Schaering_golfer_bo2-1.png\",\"width\":225,\"height\":30,\"caption\":\"Ulrich Sch\u00e4ring\"},\"image\":{\"@id\":\"https:\/\/www.schaering.de\/schaering\/#\/schema\/logo\/image\/\"}}]}<\/script>\n<!-- \/ Yoast SEO plugin. -->","yoast_head_json":{"title":"Impressum - Ulrich Sch\u00e4ring Golfprofessional Ulrich Schaering","robots":{"index":"index","follow":"follow","max-snippet":"max-snippet:-1","max-image-preview":"max-image-preview:large","max-video-preview":"max-video-preview:-1"},"canonical":"https:\/\/www.schaering.de\/schaering\/contact-page-2\/impressum\/","og_locale":"de_DE","og_type":"article","og_title":"Impressum - Ulrich Sch\u00e4ring Golfprofessional Ulrich Schaering","og_description":"Impressum Angaben gem\u00e4\u00df \u00a7 5 TMG Ulrich Sch\u00e4ring PGA Ulrich Sch\u00e4ring Schlehenweg 22 26180 Rastede Hahn Kontakt Telefon: +49 (0) 160 978 25 777 E-Mail: golf@schaering.de Umsatzsteuer-ID Umsatzsteuer-Identifikationsnummer gem\u00e4\u00df \u00a7 27 a Umsatzsteuergesetz: DE86301097545 EU-Streitschlichtung Die Europ\u00e4ische Kommission stellt eine Plattform zur Online-Streitbeilegung (OS) bereit: https:\/\/ec.europa.eu\/consumers\/odr\/. Unsere E-Mail-Adresse finden Sie oben im Impressum. Verbraucher\u00adstreit\u00adbeilegung\/Universal\u00adschlichtungs\u00adstelle Wir [&hellip;]","og_url":"https:\/\/www.schaering.de\/schaering\/contact-page-2\/impressum\/","og_site_name":"Ulrich Sch\u00e4ring","article_modified_time":"2022-04-06T17:38:11+00:00","schema":{"@context":"https:\/\/schema.org","@graph":[{"@type":"WebPage","@id":"https:\/\/www.schaering.de\/schaering\/contact-page-2\/impressum\/","url":"https:\/\/www.schaering.de\/schaering\/contact-page-2\/impressum\/","name":"Impressum - Ulrich Sch\u00e4ring Golfprofessional Ulrich Schaering","isPartOf":{"@id":"https:\/\/www.schaering.de\/schaering\/#website"},"datePublished":"2013-01-20T21:34:26+00:00","dateModified":"2022-04-06T17:38:11+00:00","breadcrumb":{"@id":"https:\/\/www.schaering.de\/schaering\/contact-page-2\/impressum\/#breadcrumb"},"inLanguage":"de","potentialAction":[{"@type":"ReadAction","target":["https:\/\/www.schaering.de\/schaering\/contact-page-2\/impressum\/"]}]},{"@type":"BreadcrumbList","@id":"https:\/\/www.schaering.de\/schaering\/contact-page-2\/impressum\/#breadcrumb","itemListElement":[{"@type":"ListItem","position":1,"name":"Kontakt","item":"https:\/\/www.schaering.de\/schaering\/?page_id=2461"},{"@type":"ListItem","position":2,"name":"Impressum"}]},{"@type":"WebSite","@id":"https:\/\/www.schaering.de\/schaering\/#website","url":"https:\/\/www.schaering.de\/schaering\/","name":"Ulrich Sch\u00e4ring","description":"","publisher":{"@id":"https:\/\/www.schaering.de\/schaering\/#organization"},"potentialAction":[{"@type":"SearchAction","target":{"@type":"EntryPoint","urlTemplate":"https:\/\/www.schaering.de\/schaering\/?s={search_term_string}"},"query-input":{"@type":"PropertyValueSpecification","valueRequired":true,"valueName":"search_term_string"}}],"inLanguage":"de"},{"@type":"Organization","@id":"https:\/\/www.schaering.de\/schaering\/#organization","name":"Ulrich Sch\u00e4ring","url":"https:\/\/www.schaering.de\/schaering\/","logo":{"@type":"ImageObject","inLanguage":"de","@id":"https:\/\/www.schaering.de\/schaering\/#\/schema\/logo\/image\/","url":"https:\/\/www.schaering.de\/schaering\/wp-content\/uploads\/2013\/01\/cropped-Logo_Schaering_golfer_bo2-1.png","contentUrl":"https:\/\/www.schaering.de\/schaering\/wp-content\/uploads\/2013\/01\/cropped-Logo_Schaering_golfer_bo2-1.png","width":225,"height":30,"caption":"Ulrich Sch\u00e4ring"},"image":{"@id":"https:\/\/www.schaering.de\/schaering\/#\/schema\/logo\/image\/"}}]}},"_links":{"self":[{"href":"https:\/\/www.schaering.de\/schaering\/wp-json\/wp\/v2\/pages\/2825","targetHints":{"allow":["GET"]}}],"collection":[{"href":"https:\/\/www.schaering.de\/schaering\/wp-json\/wp\/v2\/pages"}],"about":[{"href":"https:\/\/www.schaering.de\/schaering\/wp-json\/wp\/v2\/types\/page"}],"author":[{"embeddable":true,"href":"https:\/\/www.schaering.de\/schaering\/wp-json\/wp\/v2\/users\/2"}],"replies":[{"embeddable":true,"href":"https:\/\/www.schaering.de\/schaering\/wp-json\/wp\/v2\/comments?post=2825"}],"version-history":[{"count":26,"href":"https:\/\/www.schaering.de\/schaering\/wp-json\/wp\/v2\/pages\/2825\/revisions"}],"predecessor-version":[{"id":4783,"href":"https:\/\/www.schaering.de\/schaering\/wp-json\/wp\/v2\/pages\/2825\/revisions\/4783"}],"up":[{"embeddable":true,"href":"https:\/\/www.schaering.de\/schaering\/wp-json\/wp\/v2\/pages\/2461"}],"wp:attachment":[{"href":"https:\/\/www.schaering.de\/schaering\/wp-json\/wp\/v2\/media?parent=2825"}],"curies":[{"name":"wp","href":"https:\/\/api.w.org\/{rel}","templated":true}]}}